{"id":56,"date":"2021-11-29T19:05:28","date_gmt":"2021-11-30T00:05:28","guid":{"rendered":"https:\/\/localhost\/etablissement\/?page_id=56"},"modified":"2025-11-27T14:19:48","modified_gmt":"2025-11-27T19:19:48","slug":"contact","status":"publish","type":"page","link":"https:\/\/etablissement.cofrd.org\/en\/contact\/","title":{"rendered":"Contact"},"content":{"rendered":"<div class=\"wp-block-columns is-layout-flex wp-container-core-columns-is-layout-1 wp-block-columns-is-layout-flex\">\n<div class=\"wp-block-column is-layout-flow wp-block-column-is-layout-flow\">\n<div class=\"wp-block-contact-form-7-contact-form-selector\">\n<div class=\"wpcf7 no-js\" id=\"wpcf7-f176-o1\" lang=\"en-US\" dir=\"ltr\" data-wpcf7-id=\"176\">\n<div class=\"screen-reader-response\"><p role=\"status\" aria-live=\"polite\" aria-atomic=\"true\"><\/p> <ul><\/ul><\/div>\n<form action=\"\/en\/wp-json\/wp\/v2\/pages\/56#wpcf7-f176-o1\" method=\"post\" class=\"wpcf7-form init demo\" aria-label=\"Contact form\" novalidate=\"novalidate\" data-status=\"init\" data-trp-original-action=\"\/en\/wp-json\/wp\/v2\/pages\/56#wpcf7-f176-o1\">\n<div style=\"display: none;\">\n<input type=\"hidden\" name=\"_wpcf7\" value=\"176\" \/>\n<input type=\"hidden\" name=\"_wpcf7_version\" value=\"6.0.4\" \/>\n<input type=\"hidden\" name=\"_wpcf7_locale\" value=\"en_US\" \/>\n<input type=\"hidden\" name=\"_wpcf7_unit_tag\" value=\"wpcf7-f176-o1\" \/>\n<input type=\"hidden\" name=\"_wpcf7_container_post\" value=\"0\" \/>\n<input type=\"hidden\" name=\"_wpcf7_posted_data_hash\" value=\"\" \/>\n<input type=\"hidden\" name=\"_wpcf7_recaptcha_response\" value=\"\" \/>\n<\/div>\n<p><label> Full name *<br \/>\n<span class=\"wpcf7-form-control-wrap\" data-name=\"your-name\"><input size=\"40\" maxlength=\"400\" class=\"wpcf7-form-control wpcf7-text wpcf7-validates-as-required\" aria-required=\"true\" aria-invalid=\"false\" value=\"\" type=\"text\" name=\"your-name\" \/><\/span> <\/label>\n<\/p>\n<p><label> Email *<br \/>\n<span class=\"wpcf7-form-control-wrap\" data-name=\"your-email\"><input size=\"40\" maxlength=\"400\" class=\"wpcf7-form-control wpcf7-email wpcf7-validates-as-required wpcf7-text wpcf7-validates-as-email\" aria-required=\"true\" aria-invalid=\"false\" value=\"\" type=\"email\" name=\"your-email\" \/><\/span> <\/label>\n<\/p>\n<p><label> Subject *<br \/>\n<span class=\"wpcf7-form-control-wrap\" data-name=\"your-subject\"><input size=\"40\" maxlength=\"400\" class=\"wpcf7-form-control wpcf7-text wpcf7-validates-as-required\" aria-required=\"true\" aria-invalid=\"false\" value=\"\" type=\"text\" name=\"your-subject\" \/><\/span> <\/label>\n<\/p>\n<p><label> Message (optional)<br \/>\n<span class=\"wpcf7-form-control-wrap\" data-name=\"your-message\"><textarea cols=\"40\" rows=\"10\" maxlength=\"2000\" class=\"wpcf7-form-control wpcf7-textarea\" aria-invalid=\"false\" name=\"your-message\"><\/textarea><\/span> <\/label>\n<\/p>\n<p><input class=\"wpcf7-form-control wpcf7-submit has-spinner\" type=\"submit\" value=\"Submit\" \/>\n<\/p><p style=\"display: none !important;\" class=\"akismet-fields-container\" data-prefix=\"_wpcf7_ak_\"><label>&#916;<textarea name=\"_wpcf7_ak_hp_textarea\" cols=\"45\" rows=\"8\" maxlength=\"100\"><\/textarea><\/label><input type=\"hidden\" id=\"ak_js_1\" name=\"_wpcf7_ak_js\" value=\"138\"\/><script>document.getElementById( \"ak_js_1\" ).setAttribute( \"value\", ( new Date() ).getTime() );<\/script><\/p><div class=\"wpcf7-response-output\" aria-hidden=\"true\"><\/div>\n<input type=\"hidden\" name=\"trp-form-language\" value=\"en\"\/><\/form>\n<\/div>\n<\/div>\n<\/div>\n\n\n\n<div class=\"wp-block-column is-layout-flow wp-block-column-is-layout-flow\">\n<h2 class=\"wp-block-heading has-text-color\" id=\"cofrd\" style=\"color:#9d1f1f\">COFRD<\/h2>\n\n\n\n<p><strong style=\"color:#9d1f1f\">Boluwa Massina<\/strong>, Directrice g\u00e9n\u00e9ral<br>Address : 57 Simcoe Street South, Suite 2D <br>Oshawa, ON, L1H 4G4 <br>Email :&nbsp;<a href=\"mailto:dg@cofrd.org\" title=\"\"><strong>dg@cofrd.org<\/strong><\/a><br>Tel : <a href=\"tel:9054347676\"><strong>(905) 434-7676<\/strong><\/a><br>Fax : <a href=\"tel:9054347260\"><strong>(905) 434-7260<\/strong><\/a><\/p>\n\n\n\n<h2 class=\"wp-block-heading has-text-color\" id=\"services-d-etablissement\" style=\"color:#9d1f1f\">Establishment Services<\/h2>\n\n\n\n<p><strong style=\"color:#9d1f1f\">Jean Pierre Kalenda<\/strong>, Coordonnateur<br>Telephone:<strong> <a href=\"tel:9054344989\">(905) 434-4989<\/a><\/strong>, Extension 1<br>E-mail: <a href=\"mailto:etablissement@cofrd.org\"><strong>etablissement@cofrd.org<\/strong><\/a><br><strong style=\"color:#9d1f1f\">Herv\u00e9 Kacou<\/strong>, Travailleur en \u00e9tablissement dans les \u00e9coles<br>Telephone: <a href=\"tel:9054344989\"><strong>(905) 434-4989<\/strong><\/a>, Extension 2<br>E-mail: <a href=\"mailto:tee@cofrd.org\"><strong>tee@cofrd.org<\/strong><\/a><br><strong style=\"color:#9d1f1f\">Carine Yemele Tsago<\/strong>, Travailleur en \u00e9tablissement dans les \u00e9coles<br>Telephone: <a href=\"tel:9054344989\"><strong>(905) 434-4989<\/strong><\/a>, Extension 3<br>E-mail: <a href=\"mailto:tee2@cofrd.org\"><strong>tee2@cofrd.org<\/strong><\/a><br>\n<strong style=\"color:#9d1f1f\">Riantsoa Ramarozatovo<\/strong>, Travailleur en \u00e9tablissement dans les \u00e9coles<br>Telephone: <a href=\"tel:9054344989\"><strong>(905) 434-4989<\/strong><\/a>, Extension 4<br>E-mail: <a href=\"mailto:tee5@cofrd.org\"><strong>tee5@cofrd.org<\/strong><\/a><br>\n<!--<strong style=\"color:#9d1f1f\">Ruth Dynah saint Juste<\/strong>, Travailleur en \u00e9tablissement et int\u00e9gration<br>T\u00e9l\u00e9phone:<br>Courriel:<strong><a href=\"mailto:paena@cofrd.org\">paena@cofrd.org<\/strong><\/a><\/p> -->\n<strong style=\"color:#9d1f1f\">RIA <\/strong>, Travailleur en \u00e9tablissement dans les \u00e9coles<br>Telephone: <a href=\"tel:9054344989\"><strong>(905) 434-4989<\/strong><\/a>, Poste 8<br>E-mail: <a href=\"mailto:tee5@cofrd.org\"><strong>tee5@cofrd.org<\/strong><\/a>\n<br>\n\n\n\n<strong style=\"color:#9d1f1f\">Ruth Dynah saint Juste<\/strong>, Travailleur en \u00e9tablissement et int\u00e9gration<br>Telephone: <a href=\"tel:9054344989\"><strong>(905) 434-4989<\/strong><\/a>, Extension 5<br>E-mail: <a href=\"mailto:trav.d.etab@cofrd.org\"><strong>trav.d.etab@cofrd.org<\/strong><\/a>\n<br>\n<strong style=\"color:#9d1f1f\">Coumba Dia<\/strong>, Travailleur en \u00e9tablissement et int\u00e9gration<br>Telephone: <a href=\"tel:9054344989\"><strong>(905) 434-4989<\/strong><\/a>, Poste 6<br>E-mail: <a href=\"mailto:trav.d.etab2@cofrd.org\"><strong>trav.d.etab2@cofrd.org<\/strong><\/a>\n<br>\n<strong style=\"color:#9d1f1f\">paena <\/strong>, Travailleur en \u00e9tablissement et Agente de projet<br>Telephone: <a href=\"tel:9054344989\"><strong>(905) 434-4989<\/strong><\/a>, Poste 7<br>E-mail: <a href=\"mailto:justice2l@cofrd.org\"><strong>justice2l@cofrd.org<\/strong><\/a>, <strong><a href=\"mailto:paena@cofrd.org\">paena@cofrd.org<\/a><\/strong>\n<br>\n<strong style=\"color:#9d1f1f\">Naika G\u00e9n\u00e9us<\/strong>, Commis aux services d&rsquo;\u00e9tablissement <br>Telephone: <a href=\"tel:9054344989\"><strong> (905) 434-4989<\/strong><\/a>, Poste 9<br>E-mail: <a href=\"mailto:commis_se@cofrd.org\"><strong>commis_se@cofrd.org<\/strong><\/a>\n<br>\n<\/div>\n<\/div>\n\n\n<div class='white' style='background:rgba(0, 0, 0, 0); border:solid 0px rgba(255, 153, 0, 0); border-radius:0px; padding:0px 0px 0px 0px;'>\n<div id='slider_518' class='owl-carousel sa_owl_theme owl-pagination-true autohide-arrows' data-slider-id='slider_518' style='visibility:hidden;'>\n<div id='slider_518_slide01' class='sa_hover_container' style='padding:0% 0%; margin:0px 0%; background-image:url(&quot;https:\/\/etablissement.cofrd.org\/wp-content\/uploads\/2022\/08\/1000x300-Le-regime-de-pension-du-Canada.png&quot;); background-position:left top; background-size:contain; background-repeat:no-repeat; min-height:355px; '><div class='sa_hover_buttons' style='top:0px; left:50%; margin-left:-20px;'><a class='sa_slide_link_icon' href='https:\/\/etablissement.cofrd.org\/en\/evenements\/le-regime-de-pension-du-canada\/' target='_self' title='' aria-label=''><\/a><\/div>\n<\/div>\n<\/div>\n<\/div>\n<script type='text\/javascript'>\n\tjQuery(document).ready(function() {\n\t\tjQuery('#slider_518').owlCarousel({\n\t\t\titems : 1,\n\t\t\tsmartSpeed : 200,\n\t\t\tautoplay : true,\n\t\t\tautoplayTimeout : 5000,\n\t\t\tautoplayHoverPause : true,\n\t\t\tsmartSpeed : 200,\n\t\t\tfluidSpeed : 200,\n\t\t\tautoplaySpeed : 200,\n\t\t\tnavSpeed : 200,\n\t\t\tdotsSpeed : 200,\n\t\t\tloop : true,\n\t\t\tnav : true,\n\t\t\tnavText : ['Previous','Next'],\n\t\t\tdots : true,\n\t\t\tresponsiveRefreshRate : 200,\n\t\t\tslideBy : 1,\n\t\t\tmergeFit : true,\n\t\t\tautoHeight : false,\n\t\t\tmouseDrag : false,\n\t\t\ttouchDrag : true\n\t\t});\n\t\tjQuery('#slider_518').css('visibility', 'visible');\n\t\tvar owl_goto = jQuery('#slider_518');\n\t\tjQuery('.slider_518_goto1').click(function(event){\n\t\t\towl_goto.trigger('to.owl.carousel', 0);\n\t\t});\n\t\tvar resize_518 = jQuery('.owl-carousel');\n\t\tresize_518.on('initialized.owl.carousel', function(e) {\n\t\t\tif (typeof(Event) === 'function') {\n\t\t\t\twindow.dispatchEvent(new Event('resize'));\n\t\t\t} else {\n\t\t\t\tvar evt = window.document.createEvent('UIEvents');\n\t\t\t\tevt.initUIEvent('resize', true, false, window, 0);\n\t\t\t\twindow.dispatchEvent(evt);\n\t\t\t}\n\t\t});\n\t});\n<\/script>","protected":false},"excerpt":{"rendered":"<p>COFRD Boluwa Massina, Directrice g\u00e9n\u00e9ralAddress : 57 rue Simcoe sud, Suite 2D Oshawa, ON, L1H 4G4 Courriel :&nbsp;dg@cofrd.orgT\u00e9l : (905) 434-7676T\u00e9lec : (905) 434-7260 Services d&rsquo;\u00c9tablissement Jean Pierre Kalenda, CoordonnateurT\u00e9l\u00e9phone: [&hellip;]<\/p>","protected":false},"author":1,"featured_media":0,"parent":0,"menu_order":0,"comment_status":"closed","ping_status":"closed","template":"","meta":{"_monsterinsights_skip_tracking":false,"_monsterinsights_sitenote_active":false,"_monsterinsights_sitenote_note":"","_monsterinsights_sitenote_category":0,"ocean_post_layout":"","ocean_both_sidebars_style":"","ocean_both_sidebars_content_width":0,"ocean_both_sidebars_sidebars_width":0,"ocean_sidebar":"0","ocean_second_sidebar":"0","ocean_disable_margins":"enable","ocean_add_body_class":"","ocean_shortcode_before_top_bar":"","ocean_shortcode_after_top_bar":"","ocean_shortcode_before_header":"","ocean_shortcode_after_header":"","ocean_has_shortcode":"","ocean_shortcode_after_title":"","ocean_shortcode_before_footer_widgets":"","ocean_shortcode_after_footer_widgets":"","ocean_shortcode_before_footer_bottom":"","ocean_shortcode_after_footer_bottom":"","ocean_display_top_bar":"default","ocean_display_header":"default","ocean_header_style":"","ocean_center_header_left_menu":"0","ocean_custom_header_template":"0","ocean_custom_logo":0,"ocean_custom_retina_logo":0,"ocean_custom_logo_max_width":0,"ocean_custom_logo_tablet_max_width":0,"ocean_custom_logo_mobile_max_width":0,"ocean_custom_logo_max_height":0,"ocean_custom_logo_tablet_max_height":0,"ocean_custom_logo_mobile_max_height":0,"ocean_header_custom_menu":"0","ocean_menu_typo_font_family":"0","ocean_menu_typo_font_subset":"","ocean_menu_typo_font_size":0,"ocean_menu_typo_font_size_tablet":0,"ocean_menu_typo_font_size_mobile":0,"ocean_menu_typo_font_size_unit":"px","ocean_menu_typo_font_weight":"","ocean_menu_typo_font_weight_tablet":"","ocean_menu_typo_font_weight_mobile":"","ocean_menu_typo_transform":"","ocean_menu_typo_transform_tablet":"","ocean_menu_typo_transform_mobile":"","ocean_menu_typo_line_height":0,"ocean_menu_typo_line_height_tablet":0,"ocean_menu_typo_line_height_mobile":0,"ocean_menu_typo_line_height_unit":"","ocean_menu_typo_spacing":0,"ocean_menu_typo_spacing_tablet":0,"ocean_menu_typo_spacing_mobile":0,"ocean_menu_typo_spacing_unit":"","ocean_menu_link_color":"","ocean_menu_link_color_hover":"","ocean_menu_link_color_active":"","ocean_menu_link_background":"","ocean_menu_link_hover_background":"","ocean_menu_link_active_background":"","ocean_menu_social_links_bg":"","ocean_menu_social_hover_links_bg":"","ocean_menu_social_links_color":"","ocean_menu_social_hover_links_color":"","ocean_disable_title":"default","ocean_disable_heading":"default","ocean_post_title":"","ocean_post_subheading":"","ocean_post_title_style":"","ocean_post_title_background_color":"","ocean_post_title_background":0,"ocean_post_title_bg_image_position":"","ocean_post_title_bg_image_attachment":"","ocean_post_title_bg_image_repeat":"","ocean_post_title_bg_image_size":"","ocean_post_title_height":0,"ocean_post_title_bg_overlay":0.5,"ocean_post_title_bg_overlay_color":"","ocean_disable_breadcrumbs":"default","ocean_breadcrumbs_color":"","ocean_breadcrumbs_separator_color":"","ocean_breadcrumbs_links_color":"","ocean_breadcrumbs_links_hover_color":"","ocean_display_footer_widgets":"default","ocean_display_footer_bottom":"default","ocean_custom_footer_template":"0","footnotes":""},"class_list":["post-56","page","type-page","status-publish","hentry","entry"],"aioseo_notices":[],"_links":{"self":[{"href":"https:\/\/etablissement.cofrd.org\/en\/wp-json\/wp\/v2\/pages\/56","targetHints":{"allow":["GET"]}}],"collection":[{"href":"https:\/\/etablissement.cofrd.org\/en\/wp-json\/wp\/v2\/pages"}],"about":[{"href":"https:\/\/etablissement.cofrd.org\/en\/wp-json\/wp\/v2\/types\/page"}],"author":[{"embeddable":true,"href":"https:\/\/etablissement.cofrd.org\/en\/wp-json\/wp\/v2\/users\/1"}],"replies":[{"embeddable":true,"href":"https:\/\/etablissement.cofrd.org\/en\/wp-json\/wp\/v2\/comments?post=56"}],"version-history":[{"count":53,"href":"https:\/\/etablissement.cofrd.org\/en\/wp-json\/wp\/v2\/pages\/56\/revisions"}],"predecessor-version":[{"id":960,"href":"https:\/\/etablissement.cofrd.org\/en\/wp-json\/wp\/v2\/pages\/56\/revisions\/960"}],"wp:attachment":[{"href":"https:\/\/etablissement.cofrd.org\/en\/wp-json\/wp\/v2\/media?parent=56"}],"curies":[{"name":"wp","href":"https:\/\/api.w.org\/{rel}","templated":true}]}}